{"id":30,"date":"2026-01-24T11:40:40","date_gmt":"2026-01-24T11:40:40","guid":{"rendered":"https:\/\/greitemann-ladenbau.de\/?page_id=30"},"modified":"2026-01-24T15:30:16","modified_gmt":"2026-01-24T15:30:16","slug":"home","status":"publish","type":"page","link":"https:\/\/greitemann-ladenbau.de\/","title":{"rendered":"Home"},"content":{"rendered":"\t\t<div data-elementor-type=\"wp-page\" data-elementor-id=\"30\" class=\"elementor elementor-30\" data-elementor-post-type=\"page\">\n\t\t\t\t<div class=\"elementor-element elementor-element-1b0192ba e-flex e-con-boxed e-con e-parent\" data-id=\"1b0192ba\" data-element_type=\"container\">\n\t\t\t\t\t<div class=\"e-con-inner\">\n\t\t<div class=\"elementor-element elementor-element-a83730d e-con-full e-flex e-con e-child\" data-id=\"a83730d\" data-element_type=\"container\">\n\t\t<div class=\"elementor-element elementor-element-be2cc4c e-con-full e-flex e-con e-child\" data-id=\"be2cc4c\" data-element_type=\"container\">\n\t\t<div class=\"elementor-element elementor-element-5a5e1f6 e-con-full e-flex e-con e-child\" data-id=\"5a5e1f6\" data-element_type=\"container\">\n\t\t\t\t<div class=\"elementor-element elementor-element-483e1d3 elementor-widget elementor-widget-image\" data-id=\"483e1d3\" data-element_type=\"widget\" data-widget_type=\"image.default\">\n\t\t\t\t\t\t\t\t\t\t\t\t\t\t\t<img decoding=\"async\" width=\"128\" height=\"233\" src=\"https:\/\/greitemann-ladenbau.de\/wp-content\/uploads\/2026\/01\/greitemann_logos.png\" class=\"attachment-large size-large wp-image-72\" alt=\"\" \/>\t\t\t\t\t\t\t\t\t\t\t\t\t\t\t<\/div>\n\t\t\t\t<\/div>\n\t\t<div class=\"elementor-element elementor-element-9947a25 e-con-full e-flex e-con e-child\" data-id=\"9947a25\" data-element_type=\"container\">\n\t\t\t\t<div class=\"elementor-element elementor-element-697cecc elementor-widget elementor-widget-text-editor\" data-id=\"697cecc\" data-element_type=\"widget\" data-widget_type=\"text-editor.default\">\n\t\t\t\t\t\t\t\t\t<p>Wir sind eine moderne Schreinerei\nmit angeschlossenem Planungsb\u00fcro,\ndie f\u00fcr Sie individuelle M\u00f6bel,\nInneneinrichtung sowie Laden-\nund Objekteinrichtungen fertigt.\n<\/p>\n<span style=\"color: #ee7202;\">Fordern Sie uns!<\/span>\t\t\t\t\t\t\t\t<\/div>\n\t\t\t\t<\/div>\n\t\t\t\t<\/div>\n\t\t<div class=\"elementor-element elementor-element-72ae738 e-con-full e-flex e-con e-child\" data-id=\"72ae738\" data-element_type=\"container\" data-settings=\"{&quot;background_background&quot;:&quot;classic&quot;}\">\n\t\t\t\t<div class=\"elementor-element elementor-element-4ba0a03 elementor-widget elementor-widget-text-editor\" data-id=\"4ba0a03\" data-element_type=\"widget\" data-widget_type=\"text-editor.default\">\n\t\t\t\t\t\t\t\t\t<p>Greitemann<br \/>Schreinerei-Ladenbau GmbH<br \/>Lochtrop 8<br \/>59889 Eslohe<\/p><p>T: 0 29 71 &#8211; 86 77 7<br \/>F: 0 29 71 &#8211; 86 87 7<\/p><p><a href=\"mailto:info@greitemann-ladenbau.de\">info@greitemann-ladenbau.de<\/a><br \/><a href=\"http:\/\/www.greitemann-ladenbau.de\/\" target=\"_blank\" rel=\"noopener\">www.greitemann-ladenbau.de<\/a><br \/><a href=\"https:\/\/greitemann-ladenbau.de\/?page_id=97\">Impressum<\/a><\/p>\t\t\t\t\t\t\t\t<\/div>\n\t\t\t\t<\/div>\n\t\t\t\t<\/div>\n\t\t<div class=\"elementor-element elementor-element-c18d048 e-grid e-con-full e-con e-child\" data-id=\"c18d048\" data-element_type=\"container\" data-settings=\"{&quot;background_background&quot;:&quot;classic&quot;}\">\n\t\t\t\t<div class=\"elementor-element elementor-element-daa5a1f elementor-widget elementor-widget-text-editor\" data-id=\"daa5a1f\" data-element_type=\"widget\" data-widget_type=\"text-editor.default\">\n\t\t\t\t\t\t\t\t\t<span style=\"color:#ee7202;\">Unsere Internetpr\u00e4senz wird gerade neu aufgebaut.<\/span><br>\nWir bitten um Ihr Verst\u00e4ndnis und freuen uns, Sie schon bald in neuem Glanz\nbegr\u00fc\u00dfen zu d\u00fcrfen.<br> Freuen Sie sich auf interessante und innovative Inhalte.\t\t\t\t\t\t\t\t<\/div>\n\t\t\t\t<\/div>\n\t\t\t\t\t<\/div>\n\t\t\t\t<\/div>\n\t\t\t\t<\/div>\n\t\t","protected":false},"excerpt":{"rendered":"<p>Wir sind eine moderne Schreinerei mit angeschlossenem Planungsb\u00fcro, die f\u00fcr Sie individuelle M\u00f6bel, Inneneinrichtung sowie Laden- und Objekteinrichtungen fertigt. Fordern Sie uns! GreitemannSchreinerei-Ladenbau GmbHLochtrop 859889 Eslohe T: 0 29 71 &#8211; 86 77 7F: 0 29 71 &#8211; 86 87 7 info@greitemann-ladenbau.dewww.greitemann-ladenbau.deImpressum Unsere Internetpr\u00e4senz wird gerade neu aufgebaut. Wir bitten um Ihr Verst\u00e4ndnis und freuen [&hellip;]<\/p>\n","protected":false},"author":1,"featured_media":0,"parent":0,"menu_order":0,"comment_status":"closed","ping_status":"closed","template":"elementor_header_footer","meta":{"footnotes":""},"class_list":["post-30","page","type-page","status-publish","hentry"],"_links":{"self":[{"href":"https:\/\/greitemann-ladenbau.de\/index.php?rest_route=\/wp\/v2\/pages\/30","targetHints":{"allow":["GET"]}}],"collection":[{"href":"https:\/\/greitemann-ladenbau.de\/index.php?rest_route=\/wp\/v2\/pages"}],"about":[{"href":"https:\/\/greitemann-ladenbau.de\/index.php?rest_route=\/wp\/v2\/types\/page"}],"author":[{"embeddable":true,"href":"https:\/\/greitemann-ladenbau.de\/index.php?rest_route=\/wp\/v2\/users\/1"}],"replies":[{"embeddable":true,"href":"https:\/\/greitemann-ladenbau.de\/index.php?rest_route=%2Fwp%2Fv2%2Fcomments&post=30"}],"version-history":[{"count":13,"href":"https:\/\/greitemann-ladenbau.de\/index.php?rest_route=\/wp\/v2\/pages\/30\/revisions"}],"predecessor-version":[{"id":104,"href":"https:\/\/greitemann-ladenbau.de\/index.php?rest_route=\/wp\/v2\/pages\/30\/revisions\/104"}],"wp:attachment":[{"href":"https:\/\/greitemann-ladenbau.de\/index.php?rest_route=%2Fwp%2Fv2%2Fmedia&parent=30"}],"curies":[{"name":"wp","href":"https:\/\/api.w.org\/{rel}","templated":true}]}}