{"id":97,"date":"2026-01-24T15:24:18","date_gmt":"2026-01-24T15:24:18","guid":{"rendered":"https:\/\/greitemann-ladenbau.de\/?page_id=97"},"modified":"2026-01-24T15:30:36","modified_gmt":"2026-01-24T15:30:36","slug":"impressum","status":"publish","type":"page","link":"https:\/\/greitemann-ladenbau.de\/?page_id=97","title":{"rendered":"Impressum"},"content":{"rendered":"\t\t<div data-elementor-type=\"wp-page\" data-elementor-id=\"97\" class=\"elementor elementor-97\" data-elementor-post-type=\"page\">\n\t\t\t\t<div class=\"elementor-element elementor-element-1b87246 e-flex e-con-boxed e-con e-parent\" data-id=\"1b87246\" data-element_type=\"container\">\n\t\t\t\t\t<div class=\"e-con-inner\">\n\t\t<div class=\"elementor-element elementor-element-0b45712 e-con-full e-flex e-con e-child\" data-id=\"0b45712\" data-element_type=\"container\">\n\t\t<div class=\"elementor-element elementor-element-f7ae194 e-con-full e-flex e-con e-child\" data-id=\"f7ae194\" data-element_type=\"container\">\n\t\t<div class=\"elementor-element elementor-element-8a29ea9 e-con-full e-flex e-con e-child\" data-id=\"8a29ea9\" data-element_type=\"container\">\n\t\t<div class=\"elementor-element elementor-element-74c4ea0 e-con-full e-flex e-con e-child\" data-id=\"74c4ea0\" data-element_type=\"container\">\n\t\t\t\t<div class=\"elementor-element elementor-element-c9d8efa elementor-widget elementor-widget-text-editor\" data-id=\"c9d8efa\" data-element_type=\"widget\" data-widget_type=\"text-editor.default\">\n\t\t\t\t\t\t\t\t\t<h1 style=\"color:#ee7202; font-size: 13pt; text-decoration:underline\">Impressum<\/h1>\nRechtsform: GmbH<br>\nGesch\u00e4ftsf\u00fchrer: Manuel Greitemann<br>\nGerichtstand: Amtsgericht Arnsberg, HRB 6537<br>\nUmsatzsteuer-Identifikationsnummer: DE 231803957<br>\n<br>\nAnsprechpartner:<br>\nManuel Greitemann\t\t\t\t\t\t\t\t<\/div>\n\t\t\t\t<\/div>\n\t\t\t\t<\/div>\n\t\t<div class=\"elementor-element elementor-element-3f0b7d6 e-con-full e-flex e-con e-child\" data-id=\"3f0b7d6\" data-element_type=\"container\" data-settings=\"{&quot;background_background&quot;:&quot;classic&quot;}\">\n\t\t\t\t<div class=\"elementor-element elementor-element-a1363ba elementor-widget elementor-widget-text-editor\" data-id=\"a1363ba\" data-element_type=\"widget\" data-widget_type=\"text-editor.default\">\n\t\t\t\t\t\t\t\t\t<p>Greitemann<br \/>Schreinerei-Ladenbau GmbH<br \/>Lochtrop 8<br \/>59889 Eslohe<\/p><p>T: 0 29 71 &#8211; 86 77 7<br \/>F: 0 29 71 &#8211; 86 87 7<\/p><p><a href=\"mailto:info@greitemann-ladenbau.de\">info@greitemann-ladenbau.de<\/a><br \/><a href=\"http:\/\/www.greitemann-ladenbau.de\/\" target=\"_blank\" rel=\"noopener\">www.greitemann-ladenbau.de<\/a><br \/><a href=\"https:\/\/greitemann-ladenbau.de\/\">Startseite<\/a><\/p>\t\t\t\t\t\t\t\t<\/div>\n\t\t\t\t<\/div>\n\t\t\t\t<\/div>\n\t\t<div class=\"elementor-element elementor-element-b243e22 e-grid e-con-full e-con e-child\" data-id=\"b243e22\" data-element_type=\"container\" data-settings=\"{&quot;background_background&quot;:&quot;classic&quot;}\">\n\t\t\t\t<div class=\"elementor-element elementor-element-618f40d elementor-widget elementor-widget-text-editor\" data-id=\"618f40d\" data-element_type=\"widget\" data-widget_type=\"text-editor.default\">\n\t\t\t\t\t\t\t\t\t<span style=\"color:#ee7202;\">Unsere Internetpr\u00e4senz wird gerade neu aufgebaut.<\/span><br>\nWir bitten um Ihr Verst\u00e4ndnis und freuen uns, Sie schon bald in neuem Glanz\nbegr\u00fc\u00dfen zu d\u00fcrfen.<br> Freuen Sie sich auf interessante und innovative Inhalte.\t\t\t\t\t\t\t\t<\/div>\n\t\t\t\t<\/div>\n\t\t\t\t<\/div>\n\t\t\t\t\t<\/div>\n\t\t\t\t<\/div>\n\t\t\t\t<\/div>\n\t\t","protected":false},"excerpt":{"rendered":"<p>Impressum Rechtsform: GmbH Gesch\u00e4ftsf\u00fchrer: Manuel Greitemann Gerichtstand: Amtsgericht Arnsberg, HRB 6537 Umsatzsteuer-Identifikationsnummer: DE 231803957 Ansprechpartner: Manuel Greitemann GreitemannSchreinerei-Ladenbau GmbHLochtrop 859889 Eslohe T: 0 29 71 &#8211; 86 77 7F: 0 29 71 &#8211; 86 87 7 info@greitemann-ladenbau.dewww.greitemann-ladenbau.deStartseite Unsere Internetpr\u00e4senz wird gerade neu aufgebaut. Wir bitten um Ihr Verst\u00e4ndnis und freuen uns, Sie schon bald in [&hellip;]<\/p>\n","protected":false},"author":1,"featured_media":0,"parent":0,"menu_order":0,"comment_status":"closed","ping_status":"closed","template":"","meta":{"footnotes":""},"class_list":["post-97","page","type-page","status-publish","hentry"],"_links":{"self":[{"href":"https:\/\/greitemann-ladenbau.de\/index.php?rest_route=\/wp\/v2\/pages\/97","targetHints":{"allow":["GET"]}}],"collection":[{"href":"https:\/\/greitemann-ladenbau.de\/index.php?rest_route=\/wp\/v2\/pages"}],"about":[{"href":"https:\/\/greitemann-ladenbau.de\/index.php?rest_route=\/wp\/v2\/types\/page"}],"author":[{"embeddable":true,"href":"https:\/\/greitemann-ladenbau.de\/index.php?rest_route=\/wp\/v2\/users\/1"}],"replies":[{"embeddable":true,"href":"https:\/\/greitemann-ladenbau.de\/index.php?rest_route=%2Fwp%2Fv2%2Fcomments&post=97"}],"version-history":[{"count":7,"href":"https:\/\/greitemann-ladenbau.de\/index.php?rest_route=\/wp\/v2\/pages\/97\/revisions"}],"predecessor-version":[{"id":107,"href":"https:\/\/greitemann-ladenbau.de\/index.php?rest_route=\/wp\/v2\/pages\/97\/revisions\/107"}],"wp:attachment":[{"href":"https:\/\/greitemann-ladenbau.de\/index.php?rest_route=%2Fwp%2Fv2%2Fmedia&parent=97"}],"curies":[{"name":"wp","href":"https:\/\/api.w.org\/{rel}","templated":true}]}}